{"id":945,"date":"2021-04-17T13:26:38","date_gmt":"2021-04-17T11:26:38","guid":{"rendered":"https:\/\/www.puresakeisgood.com\/boutique\/?post_type=product&#038;p=945"},"modified":"2023-02-01T21:45:25","modified_gmt":"2023-02-01T20:45:25","slug":"shinkame-junmai-dai-koshu-1983","status":"publish","type":"product","link":"https:\/\/www.puresakeisgood.com\/en\/product\/shinkame-junmai-dai-koshu-1983\/","title":{"rendered":"Shinkame junmai Dai koshu 1983"},"content":{"rendered":"<h2>Shinkame Junmai Dai Koshu 1983<\/h2>\n<p align=\"JUSTIFY\">The Shinkame brewery is well known for its matured Junmai sakes.<br \/>\nLe Daikoshu de Shinkame en est une apoth\u00e9ose du genre. Ce sak\u00e9 a soigneusement vieilli dans la brasserie pendant pr\u00e8s de 40 ans. \u00c9pais et riche en go\u00fbt avec beaucoup d&rsquo;umami. Une saveur douce, profonde et complexe avec une l\u00e9g\u00e8re acidit\u00e9. Une douceur riche comme le caramel et les noix laissant derri\u00e8re elle des saveurs flamboyantes. Alors que le sak\u00e9 frais est l\u00e9g\u00e8rement jaune, le koshu prend g\u00e9n\u00e9ralement des teintes plus profondes d&rsquo;or et d&rsquo;ambre.<\/p>\n<p align=\"JUSTIFY\">La mati\u00e8re flottante (Ori) dans la bouteille est un condens\u00e9 d&rsquo;umami. Si vous la r\u00e9chauffez lentement de ti\u00e8de \u00e0 chaud (35-45 degr\u00e9s), elle se dissoudra dans le sak\u00e9.<\/p>\n<h2>La maturation<\/h2>\n<p align=\"JUSTIFY\">le temps amplifie, complexifie les qualit\u00e9s du sak\u00e9. En le laissant vieillir vous vous apercevrez qu&rsquo;un sak\u00e9 a plusieurs pics dans sa vie. Selon la temp\u00e9rature de conservation il \u00e9voluera plus ou moins vite. si vous voulez qu&rsquo;il \u00e9volue tr\u00e8s lentement conservez le \u00e0 temp\u00e9rature n\u00e9gative jusqu&rsquo;\u00e0 -10\u00b0C. il faut \u00e9viter les temp\u00e9rature sup\u00e9rieures \u00e0 20\u00b0C et surtout la lumi\u00e8re du jour. Je vous invite aussi \u00e0 laisser vieillir une bouteille que vous avez ouverte et dont vous avez consomm\u00e9 un tiers ou une moiti\u00e9 en ayant bien sur revisser le bouchon. il m&rsquo;est arriv\u00e9 de gouter des sak\u00e9s qui avait \u00e9t\u00e9s ouverts depuis presque 2ans, c&rsquo;est surprenant, surtout dans la capacit\u00e9 \u00e0 l&rsquo;accord. Pour moi c&rsquo;est un des crit\u00e8res de qualit\u00e9 d&rsquo;un sak\u00e9, quand un sak\u00e9 est bien fait il doit pouvoir endurer le temps avant ou apr\u00e8s ouverture.<\/p>\n<h2 class=\"western\" align=\"JUSTIFY\">Accords d&rsquo;excellence<\/h2>\n<p align=\"JUSTIFY\">Avec du chocolat \u00ab\u00a0Bean to bar\u00a0\u00bb de chez <em><a href=\"https:\/\/kosakchocolat.com\/\">Kosak<\/a><\/em> ou un vieux comt\u00e9 40mois de chez <em><a href=\"http:\/\/www.fromageslaurentdubois.fr\/fr\/\">Laurent Dubois<\/a><\/em>.<\/p>\n<h2 class=\"western\" align=\"JUSTIFY\">Informations sur la brasserie Shinkame<\/h2>\n<p align=\"JUSTIFY\">\u00c9tablie en 1848 \u00e0 Saitama. La traduction litt\u00e9rale du nom de la brasserie est \u00ab\u00a0Tortue sacr\u00e9e\u00a0\u00bb. La l\u00e9gende veut qu&rsquo;il y ait eu, il y a plusieurs g\u00e9n\u00e9rations, un sanctuaire derri\u00e8re la brasserie qui c\u00e9l\u00e9brait le dieu de la sagesse. Une tortue y vivait et \u00e9tait Consid\u00e9r\u00e9e comme le messager de ce dieu&#8230;. plus prosaiquement la tortue est un animal qui vit tr\u00e8s vieux au del\u00e0 de la vie des hommes. c&rsquo;est un symbole de longivit\u00e9.<\/p>\n<p align=\"JUSTIFY\">After fighting for the revival of traditional sake since 1966, in 1987 Shinkame Brewery became the first brewery to produce only Junmai sake (pure rice sake)<\/p>\n<p align=\"JUSTIFY\">It makes Kome-koji using the koji-buta method for all of its sake, which is the most labour-intensive and artisanal method of production. Some breweries use the kojibuta method only for their highest quality sake.<\/p>\n<p align=\"JUSTIFY\">The brewery ages its sake for a minimum period of 2 to 3 years, even for its standard products. This ageing makes the sake smooth, complex and melts on the palate.<\/p>","protected":false},"excerpt":{"rendered":"<p><strong>Un Sak\u00e9 exceptionnel, le plus vieux de notre gamme !<\/strong><\/p>\n<p>The Shinkame brewery is well known for its matured Junmai sakes.<br \/>\nLe Daikoshu de Shinkame en est une apoth\u00e9ose du genre. Ce sak\u00e9 a soigneusement vieilli dans la brasserie pendant pr\u00e8s de 40 ans. \u00c9pais et riche en go\u00fbt avec beaucoup d&rsquo;umami. Une saveur douce, profonde et complexe avec une l\u00e9g\u00e8re acidit\u00e9. Une douceur riche comme le caramel et les noix laissant derri\u00e8re elle des saveurs flamboyantes. ses ar\u00f4mes de noix peuvent faire penser \u00e0 un vieux vin jaune. Alors que le sak\u00e9 frais est l\u00e9g\u00e8rement jaune, le koshu prend g\u00e9n\u00e9ralement des teintes plus profondes d&rsquo;or et d&rsquo;ambre.<\/p>\n<p><strong>En accord avec du chocolat, ou un vieux comt\u00e9 c&rsquo;est inoubliable !!<\/strong><\/p>","protected":false},"featured_media":275,"comment_status":"open","ping_status":"closed","template":"","meta":[],"product_cat":[765,34,730,417,424,428,508,509,431,502,490,484,481,479,446,474],"product_tag":[195,201,395,237,292,728],"yoast_head":"<!-- This site is optimized with the Yoast SEO plugin v21.1 - https:\/\/yoast.com\/wordpress\/plugins\/seo\/ -->\n<title>Shinkame junmai Dai koshu 1983 - Pure Sake is Good<\/title>\n<meta name=\"robots\" content=\"index, follow, max-snippet:-1, max-image-preview:large, max-video-preview:-1\" \/>\n<link rel=\"canonical\" href=\"https:\/\/www.puresakeisgood.com\/en\/product\/shinkame-junmai-dai-koshu-1983\/\" \/>\n<meta property=\"og:locale\" content=\"en_GB\" \/>\n<meta property=\"og:type\" content=\"article\" \/>\n<meta property=\"og:title\" content=\"Shinkame junmai Dai koshu 1983 - Pure Sake is Good\" \/>\n<meta property=\"og:description\" content=\"Un Sak\u00e9 exceptionnel, le plus vieux de notre gamme !  La brasserie Shinkame est bien connue pour ses sak\u00e9s Junmai matur\u00e9s. Le Daikoshu de Shinkame en est une apoth\u00e9ose du genre. Ce sak\u00e9 a soigneusement vieilli dans la brasserie pendant pr\u00e8s de 40 ans. \u00c9pais et riche en go\u00fbt avec beaucoup d&#039;umami. Une saveur douce, profonde et complexe avec une l\u00e9g\u00e8re acidit\u00e9. Une douceur riche comme le caramel et les noix laissant derri\u00e8re elle des saveurs flamboyantes. ses ar\u00f4mes de noix peuvent faire penser \u00e0 un vieux vin jaune. Alors que le sak\u00e9 frais est l\u00e9g\u00e8rement jaune, le koshu prend g\u00e9n\u00e9ralement des teintes plus profondes d&#039;or et d&#039;ambre.  En accord avec du chocolat, ou un vieux comt\u00e9 c&#039;est inoubliable !!\" \/>\n<meta property=\"og:url\" content=\"https:\/\/www.puresakeisgood.com\/en\/product\/shinkame-junmai-dai-koshu-1983\/\" \/>\n<meta property=\"og:site_name\" content=\"Pure Sake is Good\" \/>\n<meta property=\"article:publisher\" content=\"https:\/\/www.facebook.com\/PureSakeisGood\" \/>\n<meta property=\"article:modified_time\" content=\"2023-02-01T20:45:25+00:00\" \/>\n<meta property=\"og:image\" content=\"https:\/\/www.puresakeisgood.com\/wp-content\/uploads\/2020\/12\/CO1-GAEL-SEGAR-BOTTLES1620_0030_CO1-GAEL-SEGAR-BOTTLES1612-e1610313672688.png\" \/>\n\t<meta property=\"og:image:width\" content=\"2000\" \/>\n\t<meta property=\"og:image:height\" content=\"2000\" \/>\n\t<meta property=\"og:image:type\" content=\"image\/png\" \/>\n<meta name=\"twitter:card\" content=\"summary_large_image\" \/>\n<meta name=\"twitter:label1\" content=\"Estimated reading time\" \/>\n\t<meta name=\"twitter:data1\" content=\"3 minutes\" \/>\n<script type=\"application\/ld+json\" class=\"yoast-schema-graph\">{\"@context\":\"https:\/\/schema.org\",\"@graph\":[{\"@type\":\"WebPage\",\"@id\":\"https:\/\/www.puresakeisgood.com\/produit\/shinkame-junmai-dai-koshu-1983\/\",\"url\":\"https:\/\/www.puresakeisgood.com\/produit\/shinkame-junmai-dai-koshu-1983\/\",\"name\":\"Shinkame junmai Dai koshu 1983 - Pure Sake is Good\",\"isPartOf\":{\"@id\":\"https:\/\/www.puresakeisgood.com\/#website\"},\"datePublished\":\"2021-04-17T11:26:38+00:00\",\"dateModified\":\"2023-02-01T20:45:25+00:00\",\"breadcrumb\":{\"@id\":\"https:\/\/www.puresakeisgood.com\/produit\/shinkame-junmai-dai-koshu-1983\/#breadcrumb\"},\"inLanguage\":\"en-GB\",\"potentialAction\":[{\"@type\":\"ReadAction\",\"target\":[\"https:\/\/www.puresakeisgood.com\/produit\/shinkame-junmai-dai-koshu-1983\/\"]}]},{\"@type\":\"BreadcrumbList\",\"@id\":\"https:\/\/www.puresakeisgood.com\/produit\/shinkame-junmai-dai-koshu-1983\/#breadcrumb\",\"itemListElement\":[{\"@type\":\"ListItem\",\"position\":1,\"name\":\"Accueil\",\"item\":\"https:\/\/www.puresakeisgood.com\/\"},{\"@type\":\"ListItem\",\"position\":2,\"name\":\"The Boutique\",\"item\":\"https:\/\/www.puresakeisgood.com\/\"},{\"@type\":\"ListItem\",\"position\":3,\"name\":\"Shinkame junmai Dai koshu 1983\"}]},{\"@type\":\"WebSite\",\"@id\":\"https:\/\/www.puresakeisgood.com\/#website\",\"url\":\"https:\/\/www.puresakeisgood.com\/\",\"name\":\"Pure Sake is Good\",\"description\":\"un sake junmai chaud c est encore mieux\",\"publisher\":{\"@id\":\"https:\/\/www.puresakeisgood.com\/#organization\"},\"potentialAction\":[{\"@type\":\"SearchAction\",\"target\":{\"@type\":\"EntryPoint\",\"urlTemplate\":\"https:\/\/www.puresakeisgood.com\/?s={search_term_string}\"},\"query-input\":\"required name=search_term_string\"}],\"inLanguage\":\"en-GB\"},{\"@type\":\"Organization\",\"@id\":\"https:\/\/www.puresakeisgood.com\/#organization\",\"name\":\"Pure Sake is Good\",\"url\":\"https:\/\/www.puresakeisgood.com\/\",\"logo\":{\"@type\":\"ImageObject\",\"inLanguage\":\"en-GB\",\"@id\":\"https:\/\/www.puresakeisgood.com\/#\/schema\/logo\/image\/\",\"url\":\"https:\/\/www.puresakeisgood.com\/wp-content\/uploads\/2020\/09\/cropped-cropped-logo-1.png\",\"contentUrl\":\"https:\/\/www.puresakeisgood.com\/wp-content\/uploads\/2020\/09\/cropped-cropped-logo-1.png\",\"width\":250,\"height\":250,\"caption\":\"Pure Sake is Good\"},\"image\":{\"@id\":\"https:\/\/www.puresakeisgood.com\/#\/schema\/logo\/image\/\"},\"sameAs\":[\"https:\/\/www.facebook.com\/PureSakeisGood\",\"https:\/\/www.instagram.com\/puresakeisgood\/\"]}]}<\/script>\n<!-- \/ Yoast SEO plugin. -->","yoast_head_json":{"title":"Shinkame junmai Dai koshu 1983 - Pure Sake is Good","robots":{"index":"index","follow":"follow","max-snippet":"max-snippet:-1","max-image-preview":"max-image-preview:large","max-video-preview":"max-video-preview:-1"},"canonical":"https:\/\/www.puresakeisgood.com\/en\/product\/shinkame-junmai-dai-koshu-1983\/","og_locale":"en_GB","og_type":"article","og_title":"Shinkame junmai Dai koshu 1983 - Pure Sake is Good","og_description":"Un Sak\u00e9 exceptionnel, le plus vieux de notre gamme !  La brasserie Shinkame est bien connue pour ses sak\u00e9s Junmai matur\u00e9s. Le Daikoshu de Shinkame en est une apoth\u00e9ose du genre. Ce sak\u00e9 a soigneusement vieilli dans la brasserie pendant pr\u00e8s de 40 ans. \u00c9pais et riche en go\u00fbt avec beaucoup d'umami. Une saveur douce, profonde et complexe avec une l\u00e9g\u00e8re acidit\u00e9. Une douceur riche comme le caramel et les noix laissant derri\u00e8re elle des saveurs flamboyantes. ses ar\u00f4mes de noix peuvent faire penser \u00e0 un vieux vin jaune. Alors que le sak\u00e9 frais est l\u00e9g\u00e8rement jaune, le koshu prend g\u00e9n\u00e9ralement des teintes plus profondes d'or et d'ambre.  En accord avec du chocolat, ou un vieux comt\u00e9 c'est inoubliable !!","og_url":"https:\/\/www.puresakeisgood.com\/en\/product\/shinkame-junmai-dai-koshu-1983\/","og_site_name":"Pure Sake is Good","article_publisher":"https:\/\/www.facebook.com\/PureSakeisGood","article_modified_time":"2023-02-01T20:45:25+00:00","og_image":[{"width":2000,"height":2000,"url":"https:\/\/www.puresakeisgood.com\/wp-content\/uploads\/2020\/12\/CO1-GAEL-SEGAR-BOTTLES1620_0030_CO1-GAEL-SEGAR-BOTTLES1612-e1610313672688.png","type":"image\/png"}],"twitter_card":"summary_large_image","twitter_misc":{"Estimated reading time":"3 minutes"},"schema":{"@context":"https:\/\/schema.org","@graph":[{"@type":"WebPage","@id":"https:\/\/www.puresakeisgood.com\/produit\/shinkame-junmai-dai-koshu-1983\/","url":"https:\/\/www.puresakeisgood.com\/produit\/shinkame-junmai-dai-koshu-1983\/","name":"Shinkame junmai Dai koshu 1983 - Pure Sake is Good","isPartOf":{"@id":"https:\/\/www.puresakeisgood.com\/#website"},"datePublished":"2021-04-17T11:26:38+00:00","dateModified":"2023-02-01T20:45:25+00:00","breadcrumb":{"@id":"https:\/\/www.puresakeisgood.com\/produit\/shinkame-junmai-dai-koshu-1983\/#breadcrumb"},"inLanguage":"en-GB","potentialAction":[{"@type":"ReadAction","target":["https:\/\/www.puresakeisgood.com\/produit\/shinkame-junmai-dai-koshu-1983\/"]}]},{"@type":"BreadcrumbList","@id":"https:\/\/www.puresakeisgood.com\/produit\/shinkame-junmai-dai-koshu-1983\/#breadcrumb","itemListElement":[{"@type":"ListItem","position":1,"name":"Accueil","item":"https:\/\/www.puresakeisgood.com\/"},{"@type":"ListItem","position":2,"name":"The Boutique","item":"https:\/\/www.puresakeisgood.com\/"},{"@type":"ListItem","position":3,"name":"Shinkame junmai Dai koshu 1983"}]},{"@type":"WebSite","@id":"https:\/\/www.puresakeisgood.com\/#website","url":"https:\/\/www.puresakeisgood.com\/","name":"Pure Sake is Good","description":"un sake junmai chaud c est encore mieux","publisher":{"@id":"https:\/\/www.puresakeisgood.com\/#organization"},"potentialAction":[{"@type":"SearchAction","target":{"@type":"EntryPoint","urlTemplate":"https:\/\/www.puresakeisgood.com\/?s={search_term_string}"},"query-input":"required name=search_term_string"}],"inLanguage":"en-GB"},{"@type":"Organization","@id":"https:\/\/www.puresakeisgood.com\/#organization","name":"Pure Sake is Good","url":"https:\/\/www.puresakeisgood.com\/","logo":{"@type":"ImageObject","inLanguage":"en-GB","@id":"https:\/\/www.puresakeisgood.com\/#\/schema\/logo\/image\/","url":"https:\/\/www.puresakeisgood.com\/wp-content\/uploads\/2020\/09\/cropped-cropped-logo-1.png","contentUrl":"https:\/\/www.puresakeisgood.com\/wp-content\/uploads\/2020\/09\/cropped-cropped-logo-1.png","width":250,"height":250,"caption":"Pure Sake is Good"},"image":{"@id":"https:\/\/www.puresakeisgood.com\/#\/schema\/logo\/image\/"},"sameAs":["https:\/\/www.facebook.com\/PureSakeisGood","https:\/\/www.instagram.com\/puresakeisgood\/"]}]}},"_links":{"self":[{"href":"https:\/\/www.puresakeisgood.com\/en\/wp-json\/wp\/v2\/product\/945"}],"collection":[{"href":"https:\/\/www.puresakeisgood.com\/en\/wp-json\/wp\/v2\/product"}],"about":[{"href":"https:\/\/www.puresakeisgood.com\/en\/wp-json\/wp\/v2\/types\/product"}],"replies":[{"embeddable":true,"href":"https:\/\/www.puresakeisgood.com\/en\/wp-json\/wp\/v2\/comments?post=945"}],"wp:featuredmedia":[{"embeddable":true,"href":"https:\/\/www.puresakeisgood.com\/en\/wp-json\/wp\/v2\/media\/275"}],"wp:attachment":[{"href":"https:\/\/www.puresakeisgood.com\/en\/wp-json\/wp\/v2\/media?parent=945"}],"wp:term":[{"taxonomy":"product_cat","embeddable":true,"href":"https:\/\/www.puresakeisgood.com\/en\/wp-json\/wp\/v2\/product_cat?post=945"},{"taxonomy":"product_tag","embeddable":true,"href":"https:\/\/www.puresakeisgood.com\/en\/wp-json\/wp\/v2\/product_tag?post=945"}],"curies":[{"name":"wp","href":"https:\/\/api.w.org\/{rel}","templated":true}]}}