{"id":2498,"date":"2022-12-13T15:25:33","date_gmt":"2022-12-13T14:25:33","guid":{"rendered":"https:\/\/www.puresakeisgood.com\/?post_type=product&#038;p=2498"},"modified":"2025-02-12T20:05:14","modified_gmt":"2025-02-12T19:05:14","slug":"hiokizakura-junmai-kimoto-tamasakae","status":"publish","type":"product","link":"https:\/\/www.puresakeisgood.com\/en\/product\/hiokizakura-junmai-kimoto-tamasakae\/","title":{"rendered":"Hiokizakura Junmai Kimoto Tamasakae"},"content":{"rendered":"","protected":false},"excerpt":{"rendered":"<p><b class=\"term\">Hiokizakura<br \/>Junmai Kimoto Tamasakae<\/b><\/p>\n<p>Ce sake Junmai pur riz produit selon la m\u00e9thode traditionnelle kimoto, a un go\u00fbt que les m\u00e9thodes modernes (brassage rapide) ne peuvent pas cr\u00e9\u00e9. Un plus grand nombre de micro-organismes sont impliqu\u00e9s dans le processus de fermentation, notamment les bact\u00e9ries lactiques qui sont conserv\u00e9es dans la brasserie, ce qui donne un go\u00fbt plus complexe, multiforme et tridimensionnel. L&rsquo;environnement de la brasserie va aussi fournir les levures sauvages qui vont transform\u00e9es le sucre en alcool, ce sak\u00e9 est peut-\u00eatre celui dans lequel les intentions les caract\u00e9ristiques de la brasserie sont le plus clairement exprim\u00e9es.<\/p>\n<p>Un Go\u00fbt l\u00e9ger et mature avec une acidit\u00e9 d&rsquo;agrumes.<\/p>\n<p>Sa couleur jaune ambr\u00e9, ses ar\u00f4me de jus d&rsquo;agrumes m\u00e9lang\u00e9 \u00e0 un ar\u00f4me m\u00fbr rappelant le bouillon de soupe de kombu, le miso et les craquelins de riz. Malgr\u00e9 sa couleur et son ar\u00f4me, le go\u00fbt m\u00fbr n&rsquo;est pas fort, et une acidit\u00e9 rafra\u00eechissante d&rsquo;agrumes se r\u00e9pand. Avec l&rsquo;air, la douceur de la maturit\u00e9 se m\u00eale \u00e0 l&rsquo;acidit\u00e9. Une l\u00e9g\u00e8re acidit\u00e9 et un soup\u00e7on de douceur mature demeurent en arri\u00e8re-go\u00fbt.<\/p>\n<p>A 40\u00b0 C, la l\u00e9g\u00e8re maturit\u00e9 est bord\u00e9e par l&rsquo;acidit\u00e9 et l&rsquo;aigreur. A 50\u00b0 C, l&rsquo;acidit\u00e9 s&rsquo;arrondit, mais l&rsquo;aigreur devient plus forte et ajoute de l&rsquo;acidit\u00e9 au go\u00fbt l\u00e9ger et mature. Moins sucr\u00e9 et \u00e9pic\u00e9 ; \u00e0 60\u00b0 C, la douceur revient, entrem\u00eal\u00e9e d&rsquo;une acidit\u00e9 citronn\u00e9e. L&rsquo;astringence entoure la douceur.<\/p>\n<p>un sake sauvage, brut et tendre<\/p>","protected":false},"featured_media":2449,"comment_status":"open","ping_status":"closed","template":"","meta":[],"product_cat":[16,31,417,425,112,507,509,432,505,598,486,559,483,477,465,471],"product_tag":[195,238,202,204,292],"yoast_head":"<!-- This site is optimized with the Yoast SEO plugin v21.1 - https:\/\/yoast.com\/wordpress\/plugins\/seo\/ -->\n<title>Hiokizakura Junmai Kimoto Tamasakae - Pure Sake is Good<\/title>\n<meta name=\"robots\" content=\"index, follow, max-snippet:-1, max-image-preview:large, max-video-preview:-1\" \/>\n<link rel=\"canonical\" href=\"https:\/\/www.puresakeisgood.com\/en\/product\/hiokizakura-junmai-kimoto-tamasakae\/\" \/>\n<meta property=\"og:locale\" content=\"en_GB\" \/>\n<meta property=\"og:type\" content=\"article\" \/>\n<meta property=\"og:title\" content=\"Hiokizakura Junmai Kimoto Tamasakae - Pure Sake is Good\" \/>\n<meta property=\"og:description\" content=\"HiokizakuraJunmai Kimoto Tamasakae  Ce sake Junmai pur riz produit selon la m\u00e9thode traditionnelle kimoto, a un go\u00fbt que les m\u00e9thodes modernes (brassage rapide) ne peuvent pas cr\u00e9\u00e9. Un plus grand nombre de micro-organismes sont impliqu\u00e9s dans le processus de fermentation, notamment les bact\u00e9ries lactiques qui sont conserv\u00e9es dans la brasserie, ce qui donne un go\u00fbt plus complexe, multiforme et tridimensionnel. L&#039;environnement de la brasserie va aussi fournir les levures sauvages qui vont transform\u00e9es le sucre en alcool, ce sak\u00e9 est peut-\u00eatre celui dans lequel les intentions les caract\u00e9ristiques de la brasserie sont le plus clairement exprim\u00e9es.  Un Go\u00fbt l\u00e9ger et mature avec une acidit\u00e9 d&#039;agrumes.  Sa couleur jaune ambr\u00e9, ses ar\u00f4me de jus d&#039;agrumes m\u00e9lang\u00e9 \u00e0 un ar\u00f4me m\u00fbr rappelant le bouillon de soupe de kombu, le miso et les craquelins de riz. Malgr\u00e9 sa couleur et son ar\u00f4me, le go\u00fbt m\u00fbr n&#039;est pas fort, et une acidit\u00e9 rafra\u00eechissante d&#039;agrumes se r\u00e9pand. Avec l&#039;air, la douceur de la maturit\u00e9 se m\u00eale \u00e0 l&#039;acidit\u00e9. Une l\u00e9g\u00e8re acidit\u00e9 et un soup\u00e7on de douceur mature demeurent en arri\u00e8re-go\u00fbt.  A 40\u00b0 C, la l\u00e9g\u00e8re maturit\u00e9 est bord\u00e9e par l&#039;acidit\u00e9 et l&#039;aigreur. A 50\u00b0 C, l&#039;acidit\u00e9 s&#039;arrondit, mais l&#039;aigreur devient plus forte et ajoute de l&#039;acidit\u00e9 au go\u00fbt l\u00e9ger et mature. Moins sucr\u00e9 et \u00e9pic\u00e9 ; \u00e0 60\u00b0 C, la douceur revient, entrem\u00eal\u00e9e d&#039;une acidit\u00e9 citronn\u00e9e. L&#039;astringence entoure la douceur.  un sake sauvage, brut et tendre\" \/>\n<meta property=\"og:url\" content=\"https:\/\/www.puresakeisgood.com\/en\/product\/hiokizakura-junmai-kimoto-tamasakae\/\" \/>\n<meta property=\"og:site_name\" content=\"Pure Sake is Good\" \/>\n<meta property=\"article:publisher\" content=\"https:\/\/www.facebook.com\/PureSakeisGood\" \/>\n<meta property=\"article:modified_time\" content=\"2025-02-12T19:05:14+00:00\" \/>\n<meta property=\"og:image\" content=\"https:\/\/www.puresakeisgood.com\/wp-content\/uploads\/2022\/10\/Hiokizakura_Junmai_Kimoto_Tamasakae_720B-2.png\" \/>\n\t<meta property=\"og:image:width\" content=\"3264\" \/>\n\t<meta property=\"og:image:height\" content=\"3264\" \/>\n\t<meta property=\"og:image:type\" content=\"image\/png\" \/>\n<meta name=\"twitter:card\" content=\"summary_large_image\" \/>\n<script type=\"application\/ld+json\" class=\"yoast-schema-graph\">{\"@context\":\"https:\/\/schema.org\",\"@graph\":[{\"@type\":\"WebPage\",\"@id\":\"https:\/\/www.puresakeisgood.com\/produit\/hiokizakura-junmai-kimoto-tamasakae\/\",\"url\":\"https:\/\/www.puresakeisgood.com\/produit\/hiokizakura-junmai-kimoto-tamasakae\/\",\"name\":\"Hiokizakura Junmai Kimoto Tamasakae - Pure Sake is Good\",\"isPartOf\":{\"@id\":\"https:\/\/www.puresakeisgood.com\/#website\"},\"datePublished\":\"2022-12-13T14:25:33+00:00\",\"dateModified\":\"2025-02-12T19:05:14+00:00\",\"breadcrumb\":{\"@id\":\"https:\/\/www.puresakeisgood.com\/produit\/hiokizakura-junmai-kimoto-tamasakae\/#breadcrumb\"},\"inLanguage\":\"en-GB\",\"potentialAction\":[{\"@type\":\"ReadAction\",\"target\":[\"https:\/\/www.puresakeisgood.com\/produit\/hiokizakura-junmai-kimoto-tamasakae\/\"]}]},{\"@type\":\"BreadcrumbList\",\"@id\":\"https:\/\/www.puresakeisgood.com\/produit\/hiokizakura-junmai-kimoto-tamasakae\/#breadcrumb\",\"itemListElement\":[{\"@type\":\"ListItem\",\"position\":1,\"name\":\"Accueil\",\"item\":\"https:\/\/www.puresakeisgood.com\/\"},{\"@type\":\"ListItem\",\"position\":2,\"name\":\"The Boutique\",\"item\":\"https:\/\/www.puresakeisgood.com\/\"},{\"@type\":\"ListItem\",\"position\":3,\"name\":\"Hiokizakura Junmai Kimoto Tamasakae\"}]},{\"@type\":\"WebSite\",\"@id\":\"https:\/\/www.puresakeisgood.com\/#website\",\"url\":\"https:\/\/www.puresakeisgood.com\/\",\"name\":\"Pure Sake is Good\",\"description\":\"un sake junmai chaud c est encore mieux\",\"publisher\":{\"@id\":\"https:\/\/www.puresakeisgood.com\/#organization\"},\"potentialAction\":[{\"@type\":\"SearchAction\",\"target\":{\"@type\":\"EntryPoint\",\"urlTemplate\":\"https:\/\/www.puresakeisgood.com\/?s={search_term_string}\"},\"query-input\":\"required name=search_term_string\"}],\"inLanguage\":\"en-GB\"},{\"@type\":\"Organization\",\"@id\":\"https:\/\/www.puresakeisgood.com\/#organization\",\"name\":\"Pure Sake is Good\",\"url\":\"https:\/\/www.puresakeisgood.com\/\",\"logo\":{\"@type\":\"ImageObject\",\"inLanguage\":\"en-GB\",\"@id\":\"https:\/\/www.puresakeisgood.com\/#\/schema\/logo\/image\/\",\"url\":\"https:\/\/www.puresakeisgood.com\/wp-content\/uploads\/2020\/09\/cropped-cropped-logo-1.png\",\"contentUrl\":\"https:\/\/www.puresakeisgood.com\/wp-content\/uploads\/2020\/09\/cropped-cropped-logo-1.png\",\"width\":250,\"height\":250,\"caption\":\"Pure Sake is Good\"},\"image\":{\"@id\":\"https:\/\/www.puresakeisgood.com\/#\/schema\/logo\/image\/\"},\"sameAs\":[\"https:\/\/www.facebook.com\/PureSakeisGood\",\"https:\/\/www.instagram.com\/puresakeisgood\/\"]}]}<\/script>\n<!-- \/ Yoast SEO plugin. -->","yoast_head_json":{"title":"Hiokizakura Junmai Kimoto Tamasakae - Pure Sake is Good","robots":{"index":"index","follow":"follow","max-snippet":"max-snippet:-1","max-image-preview":"max-image-preview:large","max-video-preview":"max-video-preview:-1"},"canonical":"https:\/\/www.puresakeisgood.com\/en\/product\/hiokizakura-junmai-kimoto-tamasakae\/","og_locale":"en_GB","og_type":"article","og_title":"Hiokizakura Junmai Kimoto Tamasakae - Pure Sake is Good","og_description":"HiokizakuraJunmai Kimoto Tamasakae  Ce sake Junmai pur riz produit selon la m\u00e9thode traditionnelle kimoto, a un go\u00fbt que les m\u00e9thodes modernes (brassage rapide) ne peuvent pas cr\u00e9\u00e9. Un plus grand nombre de micro-organismes sont impliqu\u00e9s dans le processus de fermentation, notamment les bact\u00e9ries lactiques qui sont conserv\u00e9es dans la brasserie, ce qui donne un go\u00fbt plus complexe, multiforme et tridimensionnel. L'environnement de la brasserie va aussi fournir les levures sauvages qui vont transform\u00e9es le sucre en alcool, ce sak\u00e9 est peut-\u00eatre celui dans lequel les intentions les caract\u00e9ristiques de la brasserie sont le plus clairement exprim\u00e9es.  Un Go\u00fbt l\u00e9ger et mature avec une acidit\u00e9 d'agrumes.  Sa couleur jaune ambr\u00e9, ses ar\u00f4me de jus d'agrumes m\u00e9lang\u00e9 \u00e0 un ar\u00f4me m\u00fbr rappelant le bouillon de soupe de kombu, le miso et les craquelins de riz. Malgr\u00e9 sa couleur et son ar\u00f4me, le go\u00fbt m\u00fbr n'est pas fort, et une acidit\u00e9 rafra\u00eechissante d'agrumes se r\u00e9pand. Avec l'air, la douceur de la maturit\u00e9 se m\u00eale \u00e0 l'acidit\u00e9. Une l\u00e9g\u00e8re acidit\u00e9 et un soup\u00e7on de douceur mature demeurent en arri\u00e8re-go\u00fbt.  A 40\u00b0 C, la l\u00e9g\u00e8re maturit\u00e9 est bord\u00e9e par l'acidit\u00e9 et l'aigreur. A 50\u00b0 C, l'acidit\u00e9 s'arrondit, mais l'aigreur devient plus forte et ajoute de l'acidit\u00e9 au go\u00fbt l\u00e9ger et mature. Moins sucr\u00e9 et \u00e9pic\u00e9 ; \u00e0 60\u00b0 C, la douceur revient, entrem\u00eal\u00e9e d'une acidit\u00e9 citronn\u00e9e. L'astringence entoure la douceur.  un sake sauvage, brut et tendre","og_url":"https:\/\/www.puresakeisgood.com\/en\/product\/hiokizakura-junmai-kimoto-tamasakae\/","og_site_name":"Pure Sake is Good","article_publisher":"https:\/\/www.facebook.com\/PureSakeisGood","article_modified_time":"2025-02-12T19:05:14+00:00","og_image":[{"width":3264,"height":3264,"url":"https:\/\/www.puresakeisgood.com\/wp-content\/uploads\/2022\/10\/Hiokizakura_Junmai_Kimoto_Tamasakae_720B-2.png","type":"image\/png"}],"twitter_card":"summary_large_image","schema":{"@context":"https:\/\/schema.org","@graph":[{"@type":"WebPage","@id":"https:\/\/www.puresakeisgood.com\/produit\/hiokizakura-junmai-kimoto-tamasakae\/","url":"https:\/\/www.puresakeisgood.com\/produit\/hiokizakura-junmai-kimoto-tamasakae\/","name":"Hiokizakura Junmai Kimoto Tamasakae - Pure Sake is Good","isPartOf":{"@id":"https:\/\/www.puresakeisgood.com\/#website"},"datePublished":"2022-12-13T14:25:33+00:00","dateModified":"2025-02-12T19:05:14+00:00","breadcrumb":{"@id":"https:\/\/www.puresakeisgood.com\/produit\/hiokizakura-junmai-kimoto-tamasakae\/#breadcrumb"},"inLanguage":"en-GB","potentialAction":[{"@type":"ReadAction","target":["https:\/\/www.puresakeisgood.com\/produit\/hiokizakura-junmai-kimoto-tamasakae\/"]}]},{"@type":"BreadcrumbList","@id":"https:\/\/www.puresakeisgood.com\/produit\/hiokizakura-junmai-kimoto-tamasakae\/#breadcrumb","itemListElement":[{"@type":"ListItem","position":1,"name":"Accueil","item":"https:\/\/www.puresakeisgood.com\/"},{"@type":"ListItem","position":2,"name":"The Boutique","item":"https:\/\/www.puresakeisgood.com\/"},{"@type":"ListItem","position":3,"name":"Hiokizakura Junmai Kimoto Tamasakae"}]},{"@type":"WebSite","@id":"https:\/\/www.puresakeisgood.com\/#website","url":"https:\/\/www.puresakeisgood.com\/","name":"Pure Sake is Good","description":"un sake junmai chaud c est encore mieux","publisher":{"@id":"https:\/\/www.puresakeisgood.com\/#organization"},"potentialAction":[{"@type":"SearchAction","target":{"@type":"EntryPoint","urlTemplate":"https:\/\/www.puresakeisgood.com\/?s={search_term_string}"},"query-input":"required name=search_term_string"}],"inLanguage":"en-GB"},{"@type":"Organization","@id":"https:\/\/www.puresakeisgood.com\/#organization","name":"Pure Sake is Good","url":"https:\/\/www.puresakeisgood.com\/","logo":{"@type":"ImageObject","inLanguage":"en-GB","@id":"https:\/\/www.puresakeisgood.com\/#\/schema\/logo\/image\/","url":"https:\/\/www.puresakeisgood.com\/wp-content\/uploads\/2020\/09\/cropped-cropped-logo-1.png","contentUrl":"https:\/\/www.puresakeisgood.com\/wp-content\/uploads\/2020\/09\/cropped-cropped-logo-1.png","width":250,"height":250,"caption":"Pure Sake is Good"},"image":{"@id":"https:\/\/www.puresakeisgood.com\/#\/schema\/logo\/image\/"},"sameAs":["https:\/\/www.facebook.com\/PureSakeisGood","https:\/\/www.instagram.com\/puresakeisgood\/"]}]}},"_links":{"self":[{"href":"https:\/\/www.puresakeisgood.com\/en\/wp-json\/wp\/v2\/product\/2498"}],"collection":[{"href":"https:\/\/www.puresakeisgood.com\/en\/wp-json\/wp\/v2\/product"}],"about":[{"href":"https:\/\/www.puresakeisgood.com\/en\/wp-json\/wp\/v2\/types\/product"}],"replies":[{"embeddable":true,"href":"https:\/\/www.puresakeisgood.com\/en\/wp-json\/wp\/v2\/comments?post=2498"}],"wp:featuredmedia":[{"embeddable":true,"href":"https:\/\/www.puresakeisgood.com\/en\/wp-json\/wp\/v2\/media\/2449"}],"wp:attachment":[{"href":"https:\/\/www.puresakeisgood.com\/en\/wp-json\/wp\/v2\/media?parent=2498"}],"wp:term":[{"taxonomy":"product_cat","embeddable":true,"href":"https:\/\/www.puresakeisgood.com\/en\/wp-json\/wp\/v2\/product_cat?post=2498"},{"taxonomy":"product_tag","embeddable":true,"href":"https:\/\/www.puresakeisgood.com\/en\/wp-json\/wp\/v2\/product_tag?post=2498"}],"curies":[{"name":"wp","href":"https:\/\/api.w.org\/{rel}","templated":true}]}}