{"id":1713,"date":"2021-06-30T03:41:47","date_gmt":"2021-06-30T01:41:47","guid":{"rendered":"https:\/\/www.puresakeisgood.com\/boutique\/?post_type=product&#038;p=1713"},"modified":"2025-02-12T21:13:55","modified_gmt":"2025-02-12T20:13:55","slug":"usen-shiraume-junmai-umeshu-umeyusui","status":"publish","type":"product","link":"https:\/\/www.puresakeisgood.com\/en\/product\/usen-shiraume-junmai-umeshu-umeyusui\/","title":{"rendered":"Usen Shiraume Junmai Umeshu Umeyusui"},"content":{"rendered":"","protected":false},"excerpt":{"rendered":"<p>L&rsquo;ar\u00f4me riche des prunes et une sensation aussi rafra\u00eechissante qu&rsquo;une eau de source. Cet Umeshu, litt\u00e9ralement \u00ab\u00a0sak\u00e9 au prunes\u00a0\u00bb est obtenu en faisant mac\u00e9rer lentement pendant 3 ans les prunes dans un sak\u00e9 junmai matur\u00e9 2 ans.<\/p>\n<p>Haneda Brewery is the smallest of the four breweries in Tsuruoka City (Daisen, Eikohuji, Dewanosetsu and Hamae Hakubai), with a production capacity of about 300 Koku, making it one of the smallest breweries in the prefecture<\/p>","protected":false},"featured_media":1716,"comment_status":"open","ping_status":"closed","template":"","meta":[],"product_cat":[16,31,417,420,424,79,511,431,556,560,481,480,467,468],"product_tag":[543,195,198,652],"yoast_head":"<!-- This site is optimized with the Yoast SEO plugin v21.1 - https:\/\/yoast.com\/wordpress\/plugins\/seo\/ -->\n<title>Usen Shiraume Junmai Umeshu Umeyusui - Pure Sake is Good<\/title>\n<meta name=\"description\" content=\"L&#039;ar\u00f4me riche des prunes et une sensation aussi rafra\u00eechissante qu&#039;une eau de source. Cet Umeshu, litt\u00e9ralement &quot;sak\u00e9 au prunes&quot; est obtenu en faisant mac\u00e9rer lentement pendant 3 ans les prunes dans un sak\u00e9 junmai matur\u00e9 2 ans.\" \/>\n<meta name=\"robots\" content=\"index, follow, max-snippet:-1, max-image-preview:large, max-video-preview:-1\" \/>\n<link rel=\"canonical\" href=\"https:\/\/www.puresakeisgood.com\/en\/product\/usen-shiraume-junmai-umeshu-umeyusui\/\" \/>\n<meta property=\"og:locale\" content=\"en_GB\" \/>\n<meta property=\"og:type\" content=\"article\" \/>\n<meta property=\"og:title\" content=\"Usen Shiraume Junmai Umeshu Umeyusui - Pure Sake is Good\" \/>\n<meta property=\"og:description\" content=\"L&#039;ar\u00f4me riche des prunes et une sensation aussi rafra\u00eechissante qu&#039;une eau de source. Cet Umeshu, litt\u00e9ralement &quot;sak\u00e9 au prunes&quot; est obtenu en faisant mac\u00e9rer lentement pendant 3 ans les prunes dans un sak\u00e9 junmai matur\u00e9 2 ans.\" \/>\n<meta property=\"og:url\" content=\"https:\/\/www.puresakeisgood.com\/en\/product\/usen-shiraume-junmai-umeshu-umeyusui\/\" \/>\n<meta property=\"og:site_name\" content=\"Pure Sake is Good\" \/>\n<meta property=\"article:publisher\" content=\"https:\/\/www.facebook.com\/PureSakeisGood\" \/>\n<meta property=\"article:modified_time\" content=\"2025-02-12T20:13:55+00:00\" \/>\n<meta property=\"og:image\" content=\"https:\/\/www.puresakeisgood.com\/wp-content\/uploads\/2021\/06\/Haneda-unzen-shiraume-tawarayuki-junmai-ginjo-nama-tsuyahime-72cl-2019-1_0015_Calque-14.png\" \/>\n\t<meta property=\"og:image:width\" content=\"4220\" \/>\n\t<meta property=\"og:image:height\" content=\"4220\" \/>\n\t<meta property=\"og:image:type\" content=\"image\/png\" \/>\n<meta name=\"twitter:card\" content=\"summary_large_image\" \/>\n<script type=\"application\/ld+json\" class=\"yoast-schema-graph\">{\"@context\":\"https:\/\/schema.org\",\"@graph\":[{\"@type\":\"WebPage\",\"@id\":\"https:\/\/www.puresakeisgood.com\/produit\/usen-shiraume-junmai-umeshu-umeyusui\/\",\"url\":\"https:\/\/www.puresakeisgood.com\/produit\/usen-shiraume-junmai-umeshu-umeyusui\/\",\"name\":\"Usen Shiraume Junmai Umeshu Umeyusui - Pure Sake is Good\",\"isPartOf\":{\"@id\":\"https:\/\/www.puresakeisgood.com\/#website\"},\"datePublished\":\"2021-06-30T01:41:47+00:00\",\"dateModified\":\"2025-02-12T20:13:55+00:00\",\"description\":\"L'ar\u00f4me riche des prunes et une sensation aussi rafra\u00eechissante qu'une eau de source. Cet Umeshu, litt\u00e9ralement \\\"sak\u00e9 au prunes\\\" est obtenu en faisant mac\u00e9rer lentement pendant 3 ans les prunes dans un sak\u00e9 junmai matur\u00e9 2 ans.\",\"breadcrumb\":{\"@id\":\"https:\/\/www.puresakeisgood.com\/produit\/usen-shiraume-junmai-umeshu-umeyusui\/#breadcrumb\"},\"inLanguage\":\"en-GB\",\"potentialAction\":[{\"@type\":\"ReadAction\",\"target\":[\"https:\/\/www.puresakeisgood.com\/produit\/usen-shiraume-junmai-umeshu-umeyusui\/\"]}]},{\"@type\":\"BreadcrumbList\",\"@id\":\"https:\/\/www.puresakeisgood.com\/produit\/usen-shiraume-junmai-umeshu-umeyusui\/#breadcrumb\",\"itemListElement\":[{\"@type\":\"ListItem\",\"position\":1,\"name\":\"Accueil\",\"item\":\"https:\/\/www.puresakeisgood.com\/\"},{\"@type\":\"ListItem\",\"position\":2,\"name\":\"The Boutique\",\"item\":\"https:\/\/www.puresakeisgood.com\/\"},{\"@type\":\"ListItem\",\"position\":3,\"name\":\"Usen Shiraume Junmai Umeshu Umeyusui\"}]},{\"@type\":\"WebSite\",\"@id\":\"https:\/\/www.puresakeisgood.com\/#website\",\"url\":\"https:\/\/www.puresakeisgood.com\/\",\"name\":\"Pure Sake is Good\",\"description\":\"un sake junmai chaud c est encore mieux\",\"publisher\":{\"@id\":\"https:\/\/www.puresakeisgood.com\/#organization\"},\"potentialAction\":[{\"@type\":\"SearchAction\",\"target\":{\"@type\":\"EntryPoint\",\"urlTemplate\":\"https:\/\/www.puresakeisgood.com\/?s={search_term_string}\"},\"query-input\":\"required name=search_term_string\"}],\"inLanguage\":\"en-GB\"},{\"@type\":\"Organization\",\"@id\":\"https:\/\/www.puresakeisgood.com\/#organization\",\"name\":\"Pure Sake is Good\",\"url\":\"https:\/\/www.puresakeisgood.com\/\",\"logo\":{\"@type\":\"ImageObject\",\"inLanguage\":\"en-GB\",\"@id\":\"https:\/\/www.puresakeisgood.com\/#\/schema\/logo\/image\/\",\"url\":\"https:\/\/www.puresakeisgood.com\/wp-content\/uploads\/2020\/09\/cropped-cropped-logo-1.png\",\"contentUrl\":\"https:\/\/www.puresakeisgood.com\/wp-content\/uploads\/2020\/09\/cropped-cropped-logo-1.png\",\"width\":250,\"height\":250,\"caption\":\"Pure Sake is Good\"},\"image\":{\"@id\":\"https:\/\/www.puresakeisgood.com\/#\/schema\/logo\/image\/\"},\"sameAs\":[\"https:\/\/www.facebook.com\/PureSakeisGood\",\"https:\/\/www.instagram.com\/puresakeisgood\/\"]}]}<\/script>\n<!-- \/ Yoast SEO plugin. -->","yoast_head_json":{"title":"Usen Shiraume Junmai Umeshu Umeyusui - Pure Sake is Good","description":"L'ar\u00f4me riche des prunes et une sensation aussi rafra\u00eechissante qu'une eau de source. Cet Umeshu, litt\u00e9ralement \"sak\u00e9 au prunes\" est obtenu en faisant mac\u00e9rer lentement pendant 3 ans les prunes dans un sak\u00e9 junmai matur\u00e9 2 ans.","robots":{"index":"index","follow":"follow","max-snippet":"max-snippet:-1","max-image-preview":"max-image-preview:large","max-video-preview":"max-video-preview:-1"},"canonical":"https:\/\/www.puresakeisgood.com\/en\/product\/usen-shiraume-junmai-umeshu-umeyusui\/","og_locale":"en_GB","og_type":"article","og_title":"Usen Shiraume Junmai Umeshu Umeyusui - Pure Sake is Good","og_description":"L'ar\u00f4me riche des prunes et une sensation aussi rafra\u00eechissante qu'une eau de source. Cet Umeshu, litt\u00e9ralement \"sak\u00e9 au prunes\" est obtenu en faisant mac\u00e9rer lentement pendant 3 ans les prunes dans un sak\u00e9 junmai matur\u00e9 2 ans.","og_url":"https:\/\/www.puresakeisgood.com\/en\/product\/usen-shiraume-junmai-umeshu-umeyusui\/","og_site_name":"Pure Sake is Good","article_publisher":"https:\/\/www.facebook.com\/PureSakeisGood","article_modified_time":"2025-02-12T20:13:55+00:00","og_image":[{"width":4220,"height":4220,"url":"https:\/\/www.puresakeisgood.com\/wp-content\/uploads\/2021\/06\/Haneda-unzen-shiraume-tawarayuki-junmai-ginjo-nama-tsuyahime-72cl-2019-1_0015_Calque-14.png","type":"image\/png"}],"twitter_card":"summary_large_image","schema":{"@context":"https:\/\/schema.org","@graph":[{"@type":"WebPage","@id":"https:\/\/www.puresakeisgood.com\/produit\/usen-shiraume-junmai-umeshu-umeyusui\/","url":"https:\/\/www.puresakeisgood.com\/produit\/usen-shiraume-junmai-umeshu-umeyusui\/","name":"Usen Shiraume Junmai Umeshu Umeyusui - Pure Sake is Good","isPartOf":{"@id":"https:\/\/www.puresakeisgood.com\/#website"},"datePublished":"2021-06-30T01:41:47+00:00","dateModified":"2025-02-12T20:13:55+00:00","description":"L'ar\u00f4me riche des prunes et une sensation aussi rafra\u00eechissante qu'une eau de source. Cet Umeshu, litt\u00e9ralement \"sak\u00e9 au prunes\" est obtenu en faisant mac\u00e9rer lentement pendant 3 ans les prunes dans un sak\u00e9 junmai matur\u00e9 2 ans.","breadcrumb":{"@id":"https:\/\/www.puresakeisgood.com\/produit\/usen-shiraume-junmai-umeshu-umeyusui\/#breadcrumb"},"inLanguage":"en-GB","potentialAction":[{"@type":"ReadAction","target":["https:\/\/www.puresakeisgood.com\/produit\/usen-shiraume-junmai-umeshu-umeyusui\/"]}]},{"@type":"BreadcrumbList","@id":"https:\/\/www.puresakeisgood.com\/produit\/usen-shiraume-junmai-umeshu-umeyusui\/#breadcrumb","itemListElement":[{"@type":"ListItem","position":1,"name":"Accueil","item":"https:\/\/www.puresakeisgood.com\/"},{"@type":"ListItem","position":2,"name":"The Boutique","item":"https:\/\/www.puresakeisgood.com\/"},{"@type":"ListItem","position":3,"name":"Usen Shiraume Junmai Umeshu Umeyusui"}]},{"@type":"WebSite","@id":"https:\/\/www.puresakeisgood.com\/#website","url":"https:\/\/www.puresakeisgood.com\/","name":"Pure Sake is Good","description":"un sake junmai chaud c est encore mieux","publisher":{"@id":"https:\/\/www.puresakeisgood.com\/#organization"},"potentialAction":[{"@type":"SearchAction","target":{"@type":"EntryPoint","urlTemplate":"https:\/\/www.puresakeisgood.com\/?s={search_term_string}"},"query-input":"required name=search_term_string"}],"inLanguage":"en-GB"},{"@type":"Organization","@id":"https:\/\/www.puresakeisgood.com\/#organization","name":"Pure Sake is Good","url":"https:\/\/www.puresakeisgood.com\/","logo":{"@type":"ImageObject","inLanguage":"en-GB","@id":"https:\/\/www.puresakeisgood.com\/#\/schema\/logo\/image\/","url":"https:\/\/www.puresakeisgood.com\/wp-content\/uploads\/2020\/09\/cropped-cropped-logo-1.png","contentUrl":"https:\/\/www.puresakeisgood.com\/wp-content\/uploads\/2020\/09\/cropped-cropped-logo-1.png","width":250,"height":250,"caption":"Pure Sake is Good"},"image":{"@id":"https:\/\/www.puresakeisgood.com\/#\/schema\/logo\/image\/"},"sameAs":["https:\/\/www.facebook.com\/PureSakeisGood","https:\/\/www.instagram.com\/puresakeisgood\/"]}]}},"_links":{"self":[{"href":"https:\/\/www.puresakeisgood.com\/en\/wp-json\/wp\/v2\/product\/1713"}],"collection":[{"href":"https:\/\/www.puresakeisgood.com\/en\/wp-json\/wp\/v2\/product"}],"about":[{"href":"https:\/\/www.puresakeisgood.com\/en\/wp-json\/wp\/v2\/types\/product"}],"replies":[{"embeddable":true,"href":"https:\/\/www.puresakeisgood.com\/en\/wp-json\/wp\/v2\/comments?post=1713"}],"wp:featuredmedia":[{"embeddable":true,"href":"https:\/\/www.puresakeisgood.com\/en\/wp-json\/wp\/v2\/media\/1716"}],"wp:attachment":[{"href":"https:\/\/www.puresakeisgood.com\/en\/wp-json\/wp\/v2\/media?parent=1713"}],"wp:term":[{"taxonomy":"product_cat","embeddable":true,"href":"https:\/\/www.puresakeisgood.com\/en\/wp-json\/wp\/v2\/product_cat?post=1713"},{"taxonomy":"product_tag","embeddable":true,"href":"https:\/\/www.puresakeisgood.com\/en\/wp-json\/wp\/v2\/product_tag?post=1713"}],"curies":[{"name":"wp","href":"https:\/\/api.w.org\/{rel}","templated":true}]}}