{"id":1561,"date":"2021-06-23T23:35:14","date_gmt":"2021-06-23T21:35:14","guid":{"rendered":"https:\/\/www.puresakeisgood.com\/boutique\/?post_type=product&#038;p=1561"},"modified":"2024-01-27T16:29:02","modified_gmt":"2024-01-27T15:29:02","slug":"tansawasan-reyho-junmai","status":"publish","type":"product","link":"https:\/\/www.puresakeisgood.com\/en\/product\/tansawasan-reyho-junmai\/","title":{"rendered":"Tansawasan Reyho Junmai"},"content":{"rendered":"","protected":false},"excerpt":{"rendered":"<p align=\"JUSTIFY\">This sake, made not far from Mount Fuji, develops a framework of extreme finesse and complexity, combining floral aromas (rose, rosehip, violet) and fruitiness (hazelnut). They blend and counterbalance the syrupy texture of the yakitori skewers, which are as if spurred on by the minerality of the sake.<span style=\"color: #171615;\"> yakitori qui sont comme aiguillonn\u00e9es par la min\u00e9ralit\u00e9 du sak\u00e9.<\/span><\/p>\n<p align=\"JUSTIFY\"><b>&#8211; <\/b><i>Pairing\u00a0<\/i><i><b>:<\/b><\/i><i> yakitori skewers<\/i><\/p>","protected":false},"featured_media":250,"comment_status":"open","ping_status":"closed","template":"","meta":[],"product_cat":[16,32,417,424,44,509,431,503,497,485,556,483,478,462,471],"product_tag":[195,201,292],"yoast_head":"<!-- This site is optimized with the Yoast SEO plugin v21.1 - https:\/\/yoast.com\/wordpress\/plugins\/seo\/ -->\n<title>Tansawasan Reyho Junmai - Pure Sake is Good<\/title>\n<meta name=\"robots\" content=\"index, follow, max-snippet:-1, max-image-preview:large, max-video-preview:-1\" \/>\n<link rel=\"canonical\" href=\"https:\/\/www.puresakeisgood.com\/en\/product\/tansawasan-reyho-junmai\/\" \/>\n<meta property=\"og:locale\" content=\"en_GB\" \/>\n<meta property=\"og:type\" content=\"article\" \/>\n<meta property=\"og:title\" content=\"Tansawasan Reyho Junmai - Pure Sake is Good\" \/>\n<meta property=\"og:description\" content=\"Ce sak\u00e9 \u00e9labor\u00e9 non loin du Mont Fuji d\u00e9veloppe une trame d\u2019une finesse et d\u2019une complexit\u00e9 extr\u00eames, m\u00ealant ar\u00f4mes floraux (rose, \u00e9glantine, violette) et fruit\u00e9 (noisette). Ils se fondent et contrebalancent la texture sirupeuse des brochettes yakitori qui sont comme aiguillonn\u00e9es par la min\u00e9ralit\u00e9 du sak\u00e9. - Accord\u00a0: brochettes yakitori\" \/>\n<meta property=\"og:url\" content=\"https:\/\/www.puresakeisgood.com\/en\/product\/tansawasan-reyho-junmai\/\" \/>\n<meta property=\"og:site_name\" content=\"Pure Sake is Good\" \/>\n<meta property=\"article:publisher\" content=\"https:\/\/www.facebook.com\/PureSakeisGood\" \/>\n<meta property=\"article:modified_time\" content=\"2024-01-27T15:29:02+00:00\" \/>\n<meta property=\"og:image\" content=\"https:\/\/www.puresakeisgood.com\/wp-content\/uploads\/2020\/12\/CO1-GAEL-SEGAR-BOTTLES1620_0002_CO1-GAEL-SEGAR-BOTTLES1575-e1610313957476.png\" \/>\n\t<meta property=\"og:image:width\" content=\"2000\" \/>\n\t<meta property=\"og:image:height\" content=\"2000\" \/>\n\t<meta property=\"og:image:type\" content=\"image\/png\" \/>\n<meta name=\"twitter:card\" content=\"summary_large_image\" \/>\n<script type=\"application\/ld+json\" class=\"yoast-schema-graph\">{\"@context\":\"https:\/\/schema.org\",\"@graph\":[{\"@type\":\"WebPage\",\"@id\":\"https:\/\/www.puresakeisgood.com\/produit\/tansawasan-reyho-junmai\/\",\"url\":\"https:\/\/www.puresakeisgood.com\/produit\/tansawasan-reyho-junmai\/\",\"name\":\"Tansawasan Reyho Junmai - Pure Sake is Good\",\"isPartOf\":{\"@id\":\"https:\/\/www.puresakeisgood.com\/#website\"},\"datePublished\":\"2021-06-23T21:35:14+00:00\",\"dateModified\":\"2024-01-27T15:29:02+00:00\",\"breadcrumb\":{\"@id\":\"https:\/\/www.puresakeisgood.com\/produit\/tansawasan-reyho-junmai\/#breadcrumb\"},\"inLanguage\":\"en-GB\",\"potentialAction\":[{\"@type\":\"ReadAction\",\"target\":[\"https:\/\/www.puresakeisgood.com\/produit\/tansawasan-reyho-junmai\/\"]}]},{\"@type\":\"BreadcrumbList\",\"@id\":\"https:\/\/www.puresakeisgood.com\/produit\/tansawasan-reyho-junmai\/#breadcrumb\",\"itemListElement\":[{\"@type\":\"ListItem\",\"position\":1,\"name\":\"Accueil\",\"item\":\"https:\/\/www.puresakeisgood.com\/\"},{\"@type\":\"ListItem\",\"position\":2,\"name\":\"The Boutique\",\"item\":\"https:\/\/www.puresakeisgood.com\/\"},{\"@type\":\"ListItem\",\"position\":3,\"name\":\"Tansawasan Reyho Junmai\"}]},{\"@type\":\"WebSite\",\"@id\":\"https:\/\/www.puresakeisgood.com\/#website\",\"url\":\"https:\/\/www.puresakeisgood.com\/\",\"name\":\"Pure Sake is Good\",\"description\":\"un sake junmai chaud c est encore mieux\",\"publisher\":{\"@id\":\"https:\/\/www.puresakeisgood.com\/#organization\"},\"potentialAction\":[{\"@type\":\"SearchAction\",\"target\":{\"@type\":\"EntryPoint\",\"urlTemplate\":\"https:\/\/www.puresakeisgood.com\/?s={search_term_string}\"},\"query-input\":\"required name=search_term_string\"}],\"inLanguage\":\"en-GB\"},{\"@type\":\"Organization\",\"@id\":\"https:\/\/www.puresakeisgood.com\/#organization\",\"name\":\"Pure Sake is Good\",\"url\":\"https:\/\/www.puresakeisgood.com\/\",\"logo\":{\"@type\":\"ImageObject\",\"inLanguage\":\"en-GB\",\"@id\":\"https:\/\/www.puresakeisgood.com\/#\/schema\/logo\/image\/\",\"url\":\"https:\/\/www.puresakeisgood.com\/wp-content\/uploads\/2020\/09\/cropped-cropped-logo-1.png\",\"contentUrl\":\"https:\/\/www.puresakeisgood.com\/wp-content\/uploads\/2020\/09\/cropped-cropped-logo-1.png\",\"width\":250,\"height\":250,\"caption\":\"Pure Sake is Good\"},\"image\":{\"@id\":\"https:\/\/www.puresakeisgood.com\/#\/schema\/logo\/image\/\"},\"sameAs\":[\"https:\/\/www.facebook.com\/PureSakeisGood\",\"https:\/\/www.instagram.com\/puresakeisgood\/\"]}]}<\/script>\n<!-- \/ Yoast SEO plugin. -->","yoast_head_json":{"title":"Tansawasan Reyho Junmai - Pure Sake is Good","robots":{"index":"index","follow":"follow","max-snippet":"max-snippet:-1","max-image-preview":"max-image-preview:large","max-video-preview":"max-video-preview:-1"},"canonical":"https:\/\/www.puresakeisgood.com\/en\/product\/tansawasan-reyho-junmai\/","og_locale":"en_GB","og_type":"article","og_title":"Tansawasan Reyho Junmai - Pure Sake is Good","og_description":"Ce sak\u00e9 \u00e9labor\u00e9 non loin du Mont Fuji d\u00e9veloppe une trame d\u2019une finesse et d\u2019une complexit\u00e9 extr\u00eames, m\u00ealant ar\u00f4mes floraux (rose, \u00e9glantine, violette) et fruit\u00e9 (noisette). Ils se fondent et contrebalancent la texture sirupeuse des brochettes yakitori qui sont comme aiguillonn\u00e9es par la min\u00e9ralit\u00e9 du sak\u00e9. - Accord\u00a0: brochettes yakitori","og_url":"https:\/\/www.puresakeisgood.com\/en\/product\/tansawasan-reyho-junmai\/","og_site_name":"Pure Sake is Good","article_publisher":"https:\/\/www.facebook.com\/PureSakeisGood","article_modified_time":"2024-01-27T15:29:02+00:00","og_image":[{"width":2000,"height":2000,"url":"https:\/\/www.puresakeisgood.com\/wp-content\/uploads\/2020\/12\/CO1-GAEL-SEGAR-BOTTLES1620_0002_CO1-GAEL-SEGAR-BOTTLES1575-e1610313957476.png","type":"image\/png"}],"twitter_card":"summary_large_image","schema":{"@context":"https:\/\/schema.org","@graph":[{"@type":"WebPage","@id":"https:\/\/www.puresakeisgood.com\/produit\/tansawasan-reyho-junmai\/","url":"https:\/\/www.puresakeisgood.com\/produit\/tansawasan-reyho-junmai\/","name":"Tansawasan Reyho Junmai - Pure Sake is Good","isPartOf":{"@id":"https:\/\/www.puresakeisgood.com\/#website"},"datePublished":"2021-06-23T21:35:14+00:00","dateModified":"2024-01-27T15:29:02+00:00","breadcrumb":{"@id":"https:\/\/www.puresakeisgood.com\/produit\/tansawasan-reyho-junmai\/#breadcrumb"},"inLanguage":"en-GB","potentialAction":[{"@type":"ReadAction","target":["https:\/\/www.puresakeisgood.com\/produit\/tansawasan-reyho-junmai\/"]}]},{"@type":"BreadcrumbList","@id":"https:\/\/www.puresakeisgood.com\/produit\/tansawasan-reyho-junmai\/#breadcrumb","itemListElement":[{"@type":"ListItem","position":1,"name":"Accueil","item":"https:\/\/www.puresakeisgood.com\/"},{"@type":"ListItem","position":2,"name":"The Boutique","item":"https:\/\/www.puresakeisgood.com\/"},{"@type":"ListItem","position":3,"name":"Tansawasan Reyho Junmai"}]},{"@type":"WebSite","@id":"https:\/\/www.puresakeisgood.com\/#website","url":"https:\/\/www.puresakeisgood.com\/","name":"Pure Sake is Good","description":"un sake junmai chaud c est encore mieux","publisher":{"@id":"https:\/\/www.puresakeisgood.com\/#organization"},"potentialAction":[{"@type":"SearchAction","target":{"@type":"EntryPoint","urlTemplate":"https:\/\/www.puresakeisgood.com\/?s={search_term_string}"},"query-input":"required name=search_term_string"}],"inLanguage":"en-GB"},{"@type":"Organization","@id":"https:\/\/www.puresakeisgood.com\/#organization","name":"Pure Sake is Good","url":"https:\/\/www.puresakeisgood.com\/","logo":{"@type":"ImageObject","inLanguage":"en-GB","@id":"https:\/\/www.puresakeisgood.com\/#\/schema\/logo\/image\/","url":"https:\/\/www.puresakeisgood.com\/wp-content\/uploads\/2020\/09\/cropped-cropped-logo-1.png","contentUrl":"https:\/\/www.puresakeisgood.com\/wp-content\/uploads\/2020\/09\/cropped-cropped-logo-1.png","width":250,"height":250,"caption":"Pure Sake is Good"},"image":{"@id":"https:\/\/www.puresakeisgood.com\/#\/schema\/logo\/image\/"},"sameAs":["https:\/\/www.facebook.com\/PureSakeisGood","https:\/\/www.instagram.com\/puresakeisgood\/"]}]}},"_links":{"self":[{"href":"https:\/\/www.puresakeisgood.com\/en\/wp-json\/wp\/v2\/product\/1561"}],"collection":[{"href":"https:\/\/www.puresakeisgood.com\/en\/wp-json\/wp\/v2\/product"}],"about":[{"href":"https:\/\/www.puresakeisgood.com\/en\/wp-json\/wp\/v2\/types\/product"}],"replies":[{"embeddable":true,"href":"https:\/\/www.puresakeisgood.com\/en\/wp-json\/wp\/v2\/comments?post=1561"}],"wp:featuredmedia":[{"embeddable":true,"href":"https:\/\/www.puresakeisgood.com\/en\/wp-json\/wp\/v2\/media\/250"}],"wp:attachment":[{"href":"https:\/\/www.puresakeisgood.com\/en\/wp-json\/wp\/v2\/media?parent=1561"}],"wp:term":[{"taxonomy":"product_cat","embeddable":true,"href":"https:\/\/www.puresakeisgood.com\/en\/wp-json\/wp\/v2\/product_cat?post=1561"},{"taxonomy":"product_tag","embeddable":true,"href":"https:\/\/www.puresakeisgood.com\/en\/wp-json\/wp\/v2\/product_tag?post=1561"}],"curies":[{"name":"wp","href":"https:\/\/api.w.org\/{rel}","templated":true}]}}