{"id":1036,"date":"2021-04-25T18:31:37","date_gmt":"2021-04-25T16:31:37","guid":{"rendered":"https:\/\/www.puresakeisgood.com\/boutique\/?post_type=product&#038;p=1036"},"modified":"2023-02-01T21:42:23","modified_gmt":"2023-02-01T20:42:23","slug":"hikomago-junmai-ginjo-nanago","status":"publish","type":"product","link":"https:\/\/www.puresakeisgood.com\/en\/product\/hikomago-junmai-ginjo-nanago\/","title":{"rendered":"Hikomago Junmai Ginjo Nanago"},"content":{"rendered":"<h2 class=\"western\" align=\"JUSTIFY\"><i><b>Hikomago<\/b><\/i> <i><b>Junmai Ginjo Nanago<br \/>\n<\/b><\/i><\/h2>\n<p align=\"JUSTIFY\">The smooth but rich flavour and silky texture of this sake is hard to describe. The truly elegant balance of acidity whets the appetite and will bring out the full flavour of the seafood. Enjoyable and refreshing at a warm temperature of about 55\u00b0C, serve with vegetables cooked in court bouillon or with grilled fish.<\/p>\n<h2>Accords d\u2019excellence<\/h2>\n<p align=\"JUSTIFY\">2 huges matchings really come back to my mind with this sake that always makes surprising pairings and especially very emotional, if you are emotional refrain because I can tell you that it made some tough guys cry, it splits your armor and lets go up very strong emotions without giving you any explanation, this sake is not a fine psychoanalyst or then it's the method I provoke, and it's up to you to understand ....<\/p>\n<p align=\"JUSTIFY\">The first one with Roquefort cheese, it is confusing complex to totally avoid if you don't like Roquefort cheese, but if you like it you must try this matching. see you at cheese shop <a href=\"https:\/\/www.facebook.com\/crememenilmontant\/\">\"cr\u00e8me\"<\/a><\/p>\n<p align=\"JUSTIFY\">the 2nd one with coffee, if you are a Parisian why not go to <a href=\"https:\/\/www.larbreacafe.com\/\">\"l\u2019arbre \u00e0 caf\u00e9\"<\/a> coffee is a sure value with sake, drink a sip of hot sake first, take your time, take a sip of coffee, and as soon as you have swallowed your coffee take another sip of sake right after, and listen to what happens in your mouth. And continue drinking coffee sake coffee sake.....<\/p>\n<h2 align=\"JUSTIFY\">La brasserie Shinkame<\/h2>\n<p align=\"JUSTIFY\">Established in 1848 in Saitama, the literal translation of the brewery's name is \"holy turtle\". Legend has it that many generations ago there was a shrine behind the brewery that celebrated the god of wisdom. A turtle lived there and was considered to be the messenger of this god.... more prosaically the turtle is an animal that lives very long, sometimes beyond the life of humans. It is a symbol of longevity.<\/p>\n<p align=\"JUSTIFY\">After fighting for the revival of traditional sake since 1966, in 1987 Shinkame Brewery became the first brewery to produce only Junmai sake (pure rice sake)<\/p>\n<p align=\"JUSTIFY\">It makes Kome-koji using the koji-buta method for all of its sake, which is the most labour-intensive and artisanal method of production. Mainly breweries use the kojibuta method only for their highest quality sake.<\/p>\n<p align=\"JUSTIFY\">The brewery ages its sake for a minimum period of 2 to 3 years, even for its standard products. This ageing makes the sake smooth, complex and melts on the palate.<\/p>","protected":false},"excerpt":{"rendered":"<p align=\"JUSTIFY\">The smooth but rich flavour and silky texture of this sake is hard to describe. The truly elegant balance of acidity whets the appetite and will bring out the full flavour of the seafood. Enjoyable and refreshing at a warm temperature of about 55\u00b0C, serve with vegetables cooked in court bouillon or with grilled fish.<\/p>","protected":false},"featured_media":268,"comment_status":"open","ping_status":"closed","template":"","meta":[],"product_cat":[765,33,730,417,525,509,431,503,497,484,481,479,456,455,454,472],"product_tag":[195,201,193,292,728],"yoast_head":"<!-- This site is optimized with the Yoast SEO plugin v21.1 - https:\/\/yoast.com\/wordpress\/plugins\/seo\/ -->\n<title>Hikomago Junmai Ginjo Nanago - Pure Sake is Good<\/title>\n<meta name=\"robots\" content=\"index, follow, max-snippet:-1, max-image-preview:large, max-video-preview:-1\" \/>\n<link rel=\"canonical\" href=\"https:\/\/www.puresakeisgood.com\/en\/product\/hikomago-junmai-ginjo-nanago\/\" \/>\n<meta property=\"og:locale\" content=\"en_GB\" \/>\n<meta property=\"og:type\" content=\"article\" \/>\n<meta property=\"og:title\" content=\"Hikomago Junmai Ginjo Nanago - Pure Sake is Good\" \/>\n<meta property=\"og:description\" content=\"La saveur douce mais riche et la texture soyeuse de ce sak\u00e9 sont difficiles \u00e0 d\u00e9crire. L&#039;\u00e9quilibre vraiment \u00e9l\u00e9gant de l&#039;acidit\u00e9 ouvre l&#039;app\u00e9tit et fera ressortir toute la saveur de fruits de mer. Agr\u00e9able et rafra\u00eechissant \u00e0 une temp\u00e9rature chaude d&#039;environ 55\u00b0C, servir avec des l\u00e9gumes cuisin\u00e9s au court bouillon\u00a0 ou avec du poisson grill\u00e9.\" \/>\n<meta property=\"og:url\" content=\"https:\/\/www.puresakeisgood.com\/en\/product\/hikomago-junmai-ginjo-nanago\/\" \/>\n<meta property=\"og:site_name\" content=\"Pure Sake is Good\" \/>\n<meta property=\"article:publisher\" content=\"https:\/\/www.facebook.com\/PureSakeisGood\" \/>\n<meta property=\"article:modified_time\" content=\"2023-02-01T20:42:23+00:00\" \/>\n<meta property=\"og:image\" content=\"https:\/\/www.puresakeisgood.com\/wp-content\/uploads\/2020\/12\/CO1-GAEL-SEGAR-BOTTLES1620_0025_CO1-GAEL-SEGAR-BOTTLES1606.png\" \/>\n\t<meta property=\"og:image:width\" content=\"525\" \/>\n\t<meta property=\"og:image:height\" content=\"525\" \/>\n\t<meta property=\"og:image:type\" content=\"image\/png\" \/>\n<meta name=\"twitter:card\" content=\"summary_large_image\" \/>\n<meta name=\"twitter:label1\" content=\"Estimated reading time\" \/>\n\t<meta name=\"twitter:data1\" content=\"3 minutes\" \/>\n<script type=\"application\/ld+json\" class=\"yoast-schema-graph\">{\"@context\":\"https:\/\/schema.org\",\"@graph\":[{\"@type\":\"WebPage\",\"@id\":\"https:\/\/www.puresakeisgood.com\/produit\/hikomago-junmai-ginjo-nanago\/\",\"url\":\"https:\/\/www.puresakeisgood.com\/produit\/hikomago-junmai-ginjo-nanago\/\",\"name\":\"Hikomago Junmai Ginjo Nanago - Pure Sake is Good\",\"isPartOf\":{\"@id\":\"https:\/\/www.puresakeisgood.com\/#website\"},\"datePublished\":\"2021-04-25T16:31:37+00:00\",\"dateModified\":\"2023-02-01T20:42:23+00:00\",\"breadcrumb\":{\"@id\":\"https:\/\/www.puresakeisgood.com\/produit\/hikomago-junmai-ginjo-nanago\/#breadcrumb\"},\"inLanguage\":\"en-GB\",\"potentialAction\":[{\"@type\":\"ReadAction\",\"target\":[\"https:\/\/www.puresakeisgood.com\/produit\/hikomago-junmai-ginjo-nanago\/\"]}]},{\"@type\":\"BreadcrumbList\",\"@id\":\"https:\/\/www.puresakeisgood.com\/produit\/hikomago-junmai-ginjo-nanago\/#breadcrumb\",\"itemListElement\":[{\"@type\":\"ListItem\",\"position\":1,\"name\":\"Accueil\",\"item\":\"https:\/\/www.puresakeisgood.com\/\"},{\"@type\":\"ListItem\",\"position\":2,\"name\":\"The Boutique\",\"item\":\"https:\/\/www.puresakeisgood.com\/\"},{\"@type\":\"ListItem\",\"position\":3,\"name\":\"Hikomago Junmai Ginjo Nanago\"}]},{\"@type\":\"WebSite\",\"@id\":\"https:\/\/www.puresakeisgood.com\/#website\",\"url\":\"https:\/\/www.puresakeisgood.com\/\",\"name\":\"Pure Sake is Good\",\"description\":\"un sake junmai chaud c est encore mieux\",\"publisher\":{\"@id\":\"https:\/\/www.puresakeisgood.com\/#organization\"},\"potentialAction\":[{\"@type\":\"SearchAction\",\"target\":{\"@type\":\"EntryPoint\",\"urlTemplate\":\"https:\/\/www.puresakeisgood.com\/?s={search_term_string}\"},\"query-input\":\"required name=search_term_string\"}],\"inLanguage\":\"en-GB\"},{\"@type\":\"Organization\",\"@id\":\"https:\/\/www.puresakeisgood.com\/#organization\",\"name\":\"Pure Sake is Good\",\"url\":\"https:\/\/www.puresakeisgood.com\/\",\"logo\":{\"@type\":\"ImageObject\",\"inLanguage\":\"en-GB\",\"@id\":\"https:\/\/www.puresakeisgood.com\/#\/schema\/logo\/image\/\",\"url\":\"https:\/\/www.puresakeisgood.com\/wp-content\/uploads\/2020\/09\/cropped-cropped-logo-1.png\",\"contentUrl\":\"https:\/\/www.puresakeisgood.com\/wp-content\/uploads\/2020\/09\/cropped-cropped-logo-1.png\",\"width\":250,\"height\":250,\"caption\":\"Pure Sake is Good\"},\"image\":{\"@id\":\"https:\/\/www.puresakeisgood.com\/#\/schema\/logo\/image\/\"},\"sameAs\":[\"https:\/\/www.facebook.com\/PureSakeisGood\",\"https:\/\/www.instagram.com\/puresakeisgood\/\"]}]}<\/script>\n<!-- \/ Yoast SEO plugin. -->","yoast_head_json":{"title":"Hikomago Junmai Ginjo Nanago - Pure Sake is Good","robots":{"index":"index","follow":"follow","max-snippet":"max-snippet:-1","max-image-preview":"max-image-preview:large","max-video-preview":"max-video-preview:-1"},"canonical":"https:\/\/www.puresakeisgood.com\/en\/product\/hikomago-junmai-ginjo-nanago\/","og_locale":"en_GB","og_type":"article","og_title":"Hikomago Junmai Ginjo Nanago - Pure Sake is Good","og_description":"La saveur douce mais riche et la texture soyeuse de ce sak\u00e9 sont difficiles \u00e0 d\u00e9crire. L'\u00e9quilibre vraiment \u00e9l\u00e9gant de l'acidit\u00e9 ouvre l'app\u00e9tit et fera ressortir toute la saveur de fruits de mer. Agr\u00e9able et rafra\u00eechissant \u00e0 une temp\u00e9rature chaude d'environ 55\u00b0C, servir avec des l\u00e9gumes cuisin\u00e9s au court bouillon\u00a0 ou avec du poisson grill\u00e9.","og_url":"https:\/\/www.puresakeisgood.com\/en\/product\/hikomago-junmai-ginjo-nanago\/","og_site_name":"Pure Sake is Good","article_publisher":"https:\/\/www.facebook.com\/PureSakeisGood","article_modified_time":"2023-02-01T20:42:23+00:00","og_image":[{"url":"https:\/\/www.puresakeisgood.com\/wp-content\/uploads\/2020\/12\/CO1-GAEL-SEGAR-BOTTLES1620_0025_CO1-GAEL-SEGAR-BOTTLES1606.png","width":525,"height":525,"type":"image\/png"}],"twitter_card":"summary_large_image","twitter_misc":{"Estimated reading time":"3 minutes"},"schema":{"@context":"https:\/\/schema.org","@graph":[{"@type":"WebPage","@id":"https:\/\/www.puresakeisgood.com\/produit\/hikomago-junmai-ginjo-nanago\/","url":"https:\/\/www.puresakeisgood.com\/produit\/hikomago-junmai-ginjo-nanago\/","name":"Hikomago Junmai Ginjo Nanago - Pure Sake is Good","isPartOf":{"@id":"https:\/\/www.puresakeisgood.com\/#website"},"datePublished":"2021-04-25T16:31:37+00:00","dateModified":"2023-02-01T20:42:23+00:00","breadcrumb":{"@id":"https:\/\/www.puresakeisgood.com\/produit\/hikomago-junmai-ginjo-nanago\/#breadcrumb"},"inLanguage":"en-GB","potentialAction":[{"@type":"ReadAction","target":["https:\/\/www.puresakeisgood.com\/produit\/hikomago-junmai-ginjo-nanago\/"]}]},{"@type":"BreadcrumbList","@id":"https:\/\/www.puresakeisgood.com\/produit\/hikomago-junmai-ginjo-nanago\/#breadcrumb","itemListElement":[{"@type":"ListItem","position":1,"name":"Accueil","item":"https:\/\/www.puresakeisgood.com\/"},{"@type":"ListItem","position":2,"name":"The Boutique","item":"https:\/\/www.puresakeisgood.com\/"},{"@type":"ListItem","position":3,"name":"Hikomago Junmai Ginjo Nanago"}]},{"@type":"WebSite","@id":"https:\/\/www.puresakeisgood.com\/#website","url":"https:\/\/www.puresakeisgood.com\/","name":"Pure Sake is Good","description":"un sake junmai chaud c est encore mieux","publisher":{"@id":"https:\/\/www.puresakeisgood.com\/#organization"},"potentialAction":[{"@type":"SearchAction","target":{"@type":"EntryPoint","urlTemplate":"https:\/\/www.puresakeisgood.com\/?s={search_term_string}"},"query-input":"required name=search_term_string"}],"inLanguage":"en-GB"},{"@type":"Organization","@id":"https:\/\/www.puresakeisgood.com\/#organization","name":"Pure Sake is Good","url":"https:\/\/www.puresakeisgood.com\/","logo":{"@type":"ImageObject","inLanguage":"en-GB","@id":"https:\/\/www.puresakeisgood.com\/#\/schema\/logo\/image\/","url":"https:\/\/www.puresakeisgood.com\/wp-content\/uploads\/2020\/09\/cropped-cropped-logo-1.png","contentUrl":"https:\/\/www.puresakeisgood.com\/wp-content\/uploads\/2020\/09\/cropped-cropped-logo-1.png","width":250,"height":250,"caption":"Pure Sake is Good"},"image":{"@id":"https:\/\/www.puresakeisgood.com\/#\/schema\/logo\/image\/"},"sameAs":["https:\/\/www.facebook.com\/PureSakeisGood","https:\/\/www.instagram.com\/puresakeisgood\/"]}]}},"_links":{"self":[{"href":"https:\/\/www.puresakeisgood.com\/en\/wp-json\/wp\/v2\/product\/1036"}],"collection":[{"href":"https:\/\/www.puresakeisgood.com\/en\/wp-json\/wp\/v2\/product"}],"about":[{"href":"https:\/\/www.puresakeisgood.com\/en\/wp-json\/wp\/v2\/types\/product"}],"replies":[{"embeddable":true,"href":"https:\/\/www.puresakeisgood.com\/en\/wp-json\/wp\/v2\/comments?post=1036"}],"wp:featuredmedia":[{"embeddable":true,"href":"https:\/\/www.puresakeisgood.com\/en\/wp-json\/wp\/v2\/media\/268"}],"wp:attachment":[{"href":"https:\/\/www.puresakeisgood.com\/en\/wp-json\/wp\/v2\/media?parent=1036"}],"wp:term":[{"taxonomy":"product_cat","embeddable":true,"href":"https:\/\/www.puresakeisgood.com\/en\/wp-json\/wp\/v2\/product_cat?post=1036"},{"taxonomy":"product_tag","embeddable":true,"href":"https:\/\/www.puresakeisgood.com\/en\/wp-json\/wp\/v2\/product_tag?post=1036"}],"curies":[{"name":"wp","href":"https:\/\/api.w.org\/{rel}","templated":true}]}}